{"id":2486,"date":"2022-10-11T15:16:09","date_gmt":"2022-10-11T15:16:09","guid":{"rendered":"https:\/\/designzima.com\/oferty-pracy\/"},"modified":"2023-03-18T21:33:45","modified_gmt":"2023-03-18T21:33:45","slug":"jop-opportunity","status":"publish","type":"page","link":"https:\/\/zima.pm-projects.pl\/en\/jop-opportunity\/","title":{"rendered":"Career"},"content":{"rendered":"\n<div class=\"c-breadcrumbs__wrapper\">\n\t<div class=\"o-wrapper\">\n       <div class=\"c-breadcrumbs__inti-wrap\"><div id=\"breadcrumbs\" class=\"c-breadcrumbs\"><span><span><a href=\"https:\/\/zima.pm-projects.pl\/en\/\">Home<\/a><\/span><\/span><\/div><\/div>\n    <\/div>\n<\/div>\n\n\t\n\t\n\n\n\t<section id=\"block_0b739de10ae7099fde9924f366d1689e\" class=\"b-hero u-d-flex u-align-items-stretch u-flex-column  \">\n\t\t<div class=\"o-wrapper u-d-flex u-align-items-center u-justify-content-center u-flex-column b-hero__wrapper b-hero__wrapper--no-media b-hero__wrapper--content \">\n\t\t\t<div class=\"b-hero__main b-hero__main--no-media b-hero__main--content b-hero__main--two\">\n\t\t\t\t\t\t\t\t\t<h2 class=\"b-hero__slogan b-hero__slogan--light\">\n\t\t\t\t\t\tCAREER\n\t\t\t\t\t<\/h2>\n\t\t\t\t\t\t\t\t<h1 class=\"b-hero__heading b-hero__heading--light b-hero__heading--bigger\">\n\t\t\t\t\tJoin us\n\t\t\t\t<\/h1>\n\t\t\t\t\t\t\t\t\t<div class=\"b-hero__content   b-hero__content--line-big b-hero__content--light b-hero__content--two b-hero__content--no-media b-hero__content--line-below \">\n\t\t\t\t\t\t<p>We treat others the way we want to be treated, and see a human in everyone, no matter if they are a user, a client or a colleague on our team! If you share our values, join us so that we can grow together!<\/p>\n\n\t\t\t\t\t\t\n\t\t\t\t\t\t\t\t\t\t\t\t\n\t\t\t\t\t\t\t\t\t\t\t\t\t\t\t\t\t<\/div>\n\t\t\t\t\t\t\t<\/div>\n\t\t\t\n\t\t\t\t\t<\/div>\n\t\t\t<\/section>\n\t\t\n\n\t<section id=\"block_7d8f7de29859a5a84c9086dcbec82a01\" class=\"b-spacer u-d-flex u-align-items-stretch\">\n\t\t\t\t\t\t\t\t<style>\n\t\t\t#block_7d8f7de29859a5a84c9086dcbec82a01\n\t\t\t{ --spacer-top-desktop: 0.625em\n\t\t\t; --spacer-top-mobile: 0.3125em\n\t\t\t; --spacer-bottom-desktop: 0.625em\n\t\t\t; --spacer-bottom-mobile: 0.3125em\n\t\t\t;\t\t\t\t--spacer-background:transparent\n\t\t\t\t;\n\t\t\t}\n\t\t<\/style>\n\t<\/section>\n\n\n\n\t\n\t<section id=\"block_f4f7d5c1e3d1166554e6f9e085b017f2\" class=\"b-media-text-button b-media-text-button--light b-media-text-button--row-reverse block-block_f4f7d5c1e3d1166554e6f9e085b017f2 \">\n\t\t<div class=\"o-wrapper\">\n\t\t\t<div class=\"u-d-flex u-justify-content-center u-align-items-center u-flex-wrap u-align-items-lg-center  u-flex-lg-nowrap u-flex-lg-row-reverse\">\n\t\t\t\t<div class=\"b-media-text-button__media b-media-text-button__media--row-reverse\">\n\t\t\t\t\t\t\t\t\t\t\t<img decoding=\"async\" class=\"b-media-text-button__image\" src=\"https:\/\/zima.pm-projects.pl\/wp-content\/uploads\/2022\/12\/contact-secd.png\" alt=\"\" loading=\"lazy\">\n\t\t\t\t\t\t\t\t\t<\/div>\n\t\t\t\t<div class=\"b-media-text-button__text b-media-text-button__text--row-reverse u-d-flex u-flex-column u-justify-content-center u-justify-content-lg-center  u-align-items-lg-start\">\n\t\t\t\t\t\t\t\t\t\t\t<h2 class=\"b-media-text-button__title c-heading c-heading--color-black\">\n\t\t\t\t\t\t\tAlways hiring!\n\t\t\t\t\t\t<\/h2>\n\t\t\t\t\t\n\t\t\t\t\t\t\t\t\t\t\t<div class=\"b-media-text-button__content b-media-text-button__content--light\">\n\t\t\t\t\t\t\tHey there! We&#8217;re curious to know more about you. Any cool projects or ideas you want to share? Let&#8217;s chat about how we can join forces and make something together! \n\t\t\t\t\t\t<\/div>\n\t\t\t\t\t\n\t\t\t\t\t\t\t\t\t\t\t<div class=\"b-media-text-button__btn-wrap\">\n\t\t\t\t\t\t\t<a class=\"c-btn c-btn--v2 c-btn--primary c-btn--primary-light\" href=\"https:\/\/designzima.com\/en\/contact\/\" title=\"https:\/\/designzima.com\/en\/contact\/\" >\n\t\t\t\t\t\t\t\tI want to apply!\n\t\t\t\t\t\t\t<\/a>\n\t\t\t\t\t\t<\/div>\n\t\t\t\t\t\t\t\t\t<\/div>\n\t\t\t<\/div>\n\t\t<\/div>\n\t<\/section>\n\n<style>\n\t\t<\/style>\n\n\n\t\n\t\n\t\n\t<section id=\"block_815940977c10fd34441e54e4a2b6f23a\" class=\"b-cards\">\n\t\t<div class=\"o-wrapper\">\n\t\t\t\t\t\t\t<div data-aos=\"fade-up\" data-aos-delay=\"200\" data-aos-offset=\"200\" class=\"b-cards__heading c-heading c-heading--color-black \">\n\t\t\t\t\tWhy work with us?\n\t\t\t\t<\/div>\n\t\t\t\t\t\t<div class=\"u-d-flex u-justify-content-between u-align-items-stretch u-flex-wrap b-cards__wrapper b-cards__wrapper--grid-four\">\n\t\t\t\t\t\t\t\t\t<div class=\"b-cards__box  b-cards__box--title-height-small  b-cards__box--v2  b-cards__box--grid-four u-d-flex u-flex-column b-cards__box--grid   \">\n\t\t\t\t\t\t\t\t\t\t\t\t\t\t\n\t\t\t\t\t\t\t\t\t\t<h4>\n\t\t\tCulture\n\t\t<\/h4>\n\t\n\t\t\t\t\t\t\t\t\t\t\t\t\t\t\t\t\t\t\t<div class=\"b-cards__box-text-wrap\">\n\t\t\t\t\t\t\t\t<p>We&#8217;re building a space that exudes positive vibes, with a team bursting with passion and a shared drive to make things happen. We&#8217;re upfront and open about our needs, and we expect the same in return. Expect a laid-back atmosphere, no corporate rigidity, and plenty of team hangouts.<\/p>\n\n\t\t\t\t\t\t\t<\/div>\n\t\t\t\t\t\t\t\t\t\t\t\t\t\t\t\t\t<\/div>\n\t\t\t\t\t\t\t\t\t<div class=\"b-cards__box  b-cards__box--title-height-small  b-cards__box--v2  b-cards__box--grid-four u-d-flex u-flex-column b-cards__box--grid  b-cards__box--grid-second \">\n\t\t\t\t\t\t\t\t\t\t\t\t\t\t\n\t\t\t\t\t\t\t\t\t\t<h4>\n\t\t\tWe grow together!\n\t\t<\/h4>\n\t\n\t\t\t\t\t\t\t\t\t\t\t\t\t\t\t\t\t\t\t<div class=\"b-cards__box-text-wrap\">\n\t\t\t\t\t\t\t\t<p>We believe that our employees&#8217; growth is key to our company&#8217;s success. That&#8217;s why we organize regular team meetings like design highlights and internal knowledge-sharing workshops. We value a culture of feedback, where open communication helps us all learn and improve.<\/p>\n\n\t\t\t\t\t\t\t<\/div>\n\t\t\t\t\t\t\t\t\t\t\t\t\t\t\t\t\t<\/div>\n\t\t\t\t\t\t\t\t\t<div class=\"b-cards__box  b-cards__box--title-height-small  b-cards__box--v2  b-cards__box--grid-four u-d-flex u-flex-column b-cards__box--grid b-cards__box--grid-even  \">\n\t\t\t\t\t\t\t\t\t\t\t\t\t\t\n\t\t\t\t\t\t\t\t\t\t<h4>\n\t\t\tOffice\n\t\t<\/h4>\n\t\n\t\t\t\t\t\t\t\t\t\t\t\t\t\t\t\t\t\t\t<div class=\"b-cards__box-text-wrap\">\n\t\t\t\t\t\t\t\t<p>We have a space located in the heart of Warsaw that you can use whenever you need it. It&#8217;s from here that we connect with team members and our clients.<\/p>\n\n\t\t\t\t\t\t\t<\/div>\n\t\t\t\t\t\t\t\t\t\t\t\t\t\t\t\t\t<\/div>\n\t\t\t\t\t\t\t\t\t<div class=\"b-cards__box  b-cards__box--title-height-small  b-cards__box--v2  b-cards__box--grid-four u-d-flex u-flex-column b-cards__box--grid   \">\n\t\t\t\t\t\t\t\t\t\t\t\t\t\t\n\t\t\t\t\t\t\t\t\t\t<h4>\n\t\t\tBenefits\n\t\t<\/h4>\n\t\n\t\t\t\t\t\t\t\t\t\t\t\t\t\t\t\t\t\t\t<div class=\"b-cards__box-text-wrap\">\n\t\t\t\t\t\t\t\t<ul>\n<li>Support at every stage of work<\/li>\n<li>Option to work remotely<\/li>\n<li>Office in the center of Warsaw<\/li>\n<li>Flexible project selection<\/li>\n<li>Free days for B2B<\/li>\n<li>Multisport card<\/li>\n<\/ul>\n\n\t\t\t\t\t\t\t<\/div>\n\t\t\t\t\t\t\t\t\t\t\t\t\t\t\t\t\t<\/div>\n\t\t\t\t\t\t\t<\/div>\n\t\t<\/div>\n\t<\/section>\n\n\n\t<section id=\"block_01d5763febc0d0475a6840b272d7f51a\" class=\"b-spacer u-d-flex u-align-items-stretch\">\n\t\t\t\t\t\t\t\t<style>\n\t\t\t#block_01d5763febc0d0475a6840b272d7f51a\n\t\t\t{ --spacer-top-desktop: 3.4375em\n\t\t\t; --spacer-top-mobile: 1.875em\n\t\t\t; --spacer-bottom-desktop: 3.4375em\n\t\t\t; --spacer-bottom-mobile: 1.875em\n\t\t\t;\t\t\t\t--spacer-background:transparent\n\t\t\t\t;\n\t\t\t}\n\t\t<\/style>\n\t<\/section>\n\n\n\n\t<section id=\"block_6b5478c4b2030765cbd283157f07fa83\" class=\"b-testimonials b-testimonials--light\">\n\t\t<div class=\"o-wrapper b-testimonials__wrapper\">\n\t\t\t<div class=\"b-testimonials__list\">\n\t\t\t\t\t\t\t\t\t<div class=\"swiper js-swiper-testimonials b-testimonials__swiper\">\n\t\t\t\t\t\t<div class=\"swiper-wrapper\">\n\t\t\t\t\t\t\t\t\t\t\t\t\t\t\t\t\t\t\t\t\t\t\t\t<div class=\"b-testimonials__person swiper-slide\">\n\t\t\t\t\t\t\t\t<img decoding=\"async\" src=\"https:\/\/zima.pm-projects.pl\/wp-content\/uploads\/2023\/02\/Marta-1.png\" alt=\"\" loading=\"lazy\" class=\"b-testimonials__image\">\n\t\t\t\t\t\t\t\t<p class=\"b-testimonials__text\">\u201eNajbardziej ceni\u0119 to, \u017ce w Zimie jeste\u015bmy dobrze zgrani i d\u0105\u017cymy do wsp\u00f3lnego celu. Jeste\u015bmy totalnymi freakami projektowymi, kt\u00f3rzy uwielbiaj\u0105 to, co robi\u0105. Nasz\u0105 prac\u0119 traktujemy bardzo powa\u017cnie, ale te\u017c mamy mn\u00f3stwo \u015bmiechu &#8211; bez dobrego poczucia humoru tutaj si\u0119 nie da przetrwa\u0107!&#8221;<\/p>\n\t\t\t\t\t\t\t\t<p class=\"b-testimonials__title\">Marta Jakubowska-Sobczak<\/p>\n\t\t\t\t\t\t\t\t<p class=\"b-testimonials__job\">UX Designer &#038; Researcher<\/p>\n\t\t\t\t\t\t\t<\/div>\n\t\t\t\t\t\t\t\t\t\t\t\t\t\t\t\t\t\t\t\t<div class=\"b-testimonials__person swiper-slide\">\n\t\t\t\t\t\t\t\t<img decoding=\"async\" src=\"https:\/\/zima.pm-projects.pl\/wp-content\/uploads\/2023\/02\/Julia-2.png\" alt=\"\" loading=\"lazy\" class=\"b-testimonials__image\">\n\t\t\t\t\t\t\t\t<p class=\"b-testimonials__text\">\u201eZima jest jak ta idealna cz\u0119\u015b\u0107 ostatniej pory roku &#8211; pe\u0142na ciep\u0142a, serdeczno\u015bci i poczucia wsp\u00f3lnoty z herbat\u0105 zimow\u0105 lub grza\u0144cem w d\u0142oni. Zesp\u00f3\u0142 wsp\u00f3\u0142pracuje ze sob\u0105, wspiera si\u0119 nawzajem i kreuje Zim\u0119 od \u015brodka, tworz\u0105c z niej miejsce gdzie ka\u017cdy chce i lubi pracowa\u0107. Najbardziej ceni\u0119 jednak transparentno\u015b\u0107 i szczero\u015b\u0107. Wszystko jest na d\u0142oni, cho\u0107 czasem przys\u0142oni\u0119te ciep\u0142ym kubkiem kolejnej kawy.&#8221;<\/p>\n\t\t\t\t\t\t\t\t<p class=\"b-testimonials__title\">Julia Romanowska<\/p>\n\t\t\t\t\t\t\t\t<p class=\"b-testimonials__job\">UX Designer<\/p>\n\t\t\t\t\t\t\t<\/div>\n\t\t\t\t\t\t\t\t\t\t\t\t\t\t\t\t\t<\/div>\n\t\t\t\t\t\t<div class=\"swiper-pagination b-testimonials__pagination\"><\/div>\n\t\t\t\t\t\t<div class=\"swiper-button-prev b-testimonials__prev\">\n\t\t\t\t\t\t\t<svg width=\"16\" height=\"28\" viewBox=\"0 0 16 28\" fill=\"none\" xmlns=\"http:\/\/www.w3.org\/2000\/svg\">\n<path d=\"M14 26.5L1.5 14L14 1.5\" stroke=\"#7156E7\" stroke-width=\"2.5\" stroke-linecap=\"round\" stroke-linejoin=\"round\"\/>\n<\/svg>\n\t\t\t\t\t\t<\/div>\n\t\t\t\t\t\t<div class=\"swiper-button-next b-testimonials__next\">\n\t\t\t\t\t\t\t<svg width=\"16\" height=\"28\" viewBox=\"0 0 16 28\" fill=\"none\" xmlns=\"http:\/\/www.w3.org\/2000\/svg\">\n<path d=\"M2 1.5L14.5 14L2 26.5\" stroke=\"#7156E7\" stroke-width=\"2.5\" stroke-linecap=\"round\" stroke-linejoin=\"round\"\/>\n<\/svg>\n\t\t\t\t\t\t<\/div>\n\t\t\t\t\t<\/div>\n\t\t\t\t\t\t\t<\/div>\n\t\t<\/div>\n\t<\/section>\n","protected":false},"excerpt":{"rendered":"","protected":false},"author":1,"featured_media":0,"parent":0,"menu_order":0,"comment_status":"closed","ping_status":"closed","template":"","meta":{"inline_featured_image":false,"footnotes":""},"class_list":["post-2486","page","type-page","status-publish","hentry"],"acf":[],"yoast_head":"<!-- This site is optimized with the Yoast SEO plugin v21.9 - https:\/\/yoast.com\/wordpress\/plugins\/seo\/ -->\n<title>Career - Zima UX. UI &amp; Design Strategy | We do UX design &amp; strategy, UI, audits, consulting<\/title>\n<meta name=\"robots\" content=\"index, follow, max-snippet:-1, max-image-preview:large, max-video-preview:-1\" \/>\n<link rel=\"canonical\" href=\"https:\/\/zima.pm-projects.pl\/en\/jop-opportunity\/\" \/>\n<meta property=\"og:locale\" content=\"en_US\" \/>\n<meta property=\"og:type\" content=\"article\" \/>\n<meta property=\"og:title\" content=\"Career - Zima UX. UI &amp; Design Strategy | We do UX design &amp; strategy, UI, audits, consulting\" \/>\n<meta property=\"og:url\" content=\"https:\/\/zima.pm-projects.pl\/en\/jop-opportunity\/\" \/>\n<meta property=\"og:site_name\" content=\"Zima UX. UI &amp; Design Strategy | We do UX design &amp; strategy, UI, audits, consulting\" \/>\n<meta property=\"article:publisher\" content=\"https:\/\/www.facebook.com\/desginzima\/\" \/>\n<meta property=\"article:modified_time\" content=\"2023-03-18T21:33:45+00:00\" \/>\n<meta name=\"twitter:card\" content=\"summary_large_image\" \/>\n<script type=\"application\/ld+json\" class=\"yoast-schema-graph\">{\"@context\":\"https:\/\/schema.org\",\"@graph\":[{\"@type\":\"WebPage\",\"@id\":\"https:\/\/zima.pm-projects.pl\/en\/jop-opportunity\/\",\"url\":\"https:\/\/zima.pm-projects.pl\/en\/jop-opportunity\/\",\"name\":\"Career - Zima UX. UI &amp; Design Strategy | We do UX design &amp; strategy, UI, audits, consulting\",\"isPartOf\":{\"@id\":\"https:\/\/zima.pm-projects.pl\/#website\"},\"datePublished\":\"2022-10-11T15:16:09+00:00\",\"dateModified\":\"2023-03-18T21:33:45+00:00\",\"breadcrumb\":{\"@id\":\"https:\/\/zima.pm-projects.pl\/en\/jop-opportunity\/#breadcrumb\"},\"inLanguage\":\"en-US\",\"potentialAction\":[{\"@type\":\"ReadAction\",\"target\":[\"https:\/\/zima.pm-projects.pl\/en\/jop-opportunity\/\"]}]},{\"@type\":\"BreadcrumbList\",\"@id\":\"https:\/\/zima.pm-projects.pl\/en\/jop-opportunity\/#breadcrumb\",\"itemListElement\":[{\"@type\":\"ListItem\",\"position\":1,\"name\":\"Home\",\"item\":\"https:\/\/zima.pm-projects.pl\/en\/\"},{\"@type\":\"ListItem\",\"position\":2,\"name\":\"Career\"}]},{\"@type\":\"WebSite\",\"@id\":\"https:\/\/zima.pm-projects.pl\/#website\",\"url\":\"https:\/\/zima.pm-projects.pl\/\",\"name\":\"Zima agency\",\"description\":\"UX, UI, Strategy and Research for your business. Our mission is to deliver the best human experience. We grow if you grow. On our site, you can ask any design question to one of our experts. Click the Ask an Expert button, we will answer all your questions.\",\"publisher\":{\"@id\":\"https:\/\/zima.pm-projects.pl\/#organization\"},\"potentialAction\":[{\"@type\":\"SearchAction\",\"target\":{\"@type\":\"EntryPoint\",\"urlTemplate\":\"https:\/\/zima.pm-projects.pl\/?s={search_term_string}\"},\"query-input\":\"required name=search_term_string\"}],\"inLanguage\":\"en-US\"},{\"@type\":\"Organization\",\"@id\":\"https:\/\/zima.pm-projects.pl\/#organization\",\"name\":\"Zima agency\",\"url\":\"https:\/\/zima.pm-projects.pl\/\",\"logo\":{\"@type\":\"ImageObject\",\"inLanguage\":\"en-US\",\"@id\":\"https:\/\/zima.pm-projects.pl\/#\/schema\/logo\/image\/\",\"url\":\"https:\/\/designzima.com\/wp-content\/uploads\/2023\/03\/cropped-android-chrome-512x512-1.png\",\"contentUrl\":\"https:\/\/designzima.com\/wp-content\/uploads\/2023\/03\/cropped-android-chrome-512x512-1.png\",\"width\":512,\"height\":512,\"caption\":\"Zima agency\"},\"image\":{\"@id\":\"https:\/\/zima.pm-projects.pl\/#\/schema\/logo\/image\/\"},\"sameAs\":[\"https:\/\/www.facebook.com\/desginzima\/\",\"https:\/\/www.instagram.com\/zima_uxuidesign\/\",\"https:\/\/www.linkedin.com\/company\/designzima\/\",\"https:\/\/www.behance.net\/zimadesign\",\"https:\/\/dribbble.com\/ZimaDesign\"]}]}<\/script>\n<!-- \/ Yoast SEO plugin. -->","yoast_head_json":{"title":"Career - Zima UX. UI &amp; Design Strategy | We do UX design &amp; strategy, UI, audits, consulting","robots":{"index":"index","follow":"follow","max-snippet":"max-snippet:-1","max-image-preview":"max-image-preview:large","max-video-preview":"max-video-preview:-1"},"canonical":"https:\/\/zima.pm-projects.pl\/en\/jop-opportunity\/","og_locale":"en_US","og_type":"article","og_title":"Career - Zima UX. UI &amp; Design Strategy | We do UX design &amp; strategy, UI, audits, consulting","og_url":"https:\/\/zima.pm-projects.pl\/en\/jop-opportunity\/","og_site_name":"Zima UX. UI &amp; Design Strategy | We do UX design &amp; strategy, UI, audits, consulting","article_publisher":"https:\/\/www.facebook.com\/desginzima\/","article_modified_time":"2023-03-18T21:33:45+00:00","twitter_card":"summary_large_image","schema":{"@context":"https:\/\/schema.org","@graph":[{"@type":"WebPage","@id":"https:\/\/zima.pm-projects.pl\/en\/jop-opportunity\/","url":"https:\/\/zima.pm-projects.pl\/en\/jop-opportunity\/","name":"Career - Zima UX. UI &amp; Design Strategy | We do UX design &amp; strategy, UI, audits, consulting","isPartOf":{"@id":"https:\/\/zima.pm-projects.pl\/#website"},"datePublished":"2022-10-11T15:16:09+00:00","dateModified":"2023-03-18T21:33:45+00:00","breadcrumb":{"@id":"https:\/\/zima.pm-projects.pl\/en\/jop-opportunity\/#breadcrumb"},"inLanguage":"en-US","potentialAction":[{"@type":"ReadAction","target":["https:\/\/zima.pm-projects.pl\/en\/jop-opportunity\/"]}]},{"@type":"BreadcrumbList","@id":"https:\/\/zima.pm-projects.pl\/en\/jop-opportunity\/#breadcrumb","itemListElement":[{"@type":"ListItem","position":1,"name":"Home","item":"https:\/\/zima.pm-projects.pl\/en\/"},{"@type":"ListItem","position":2,"name":"Career"}]},{"@type":"WebSite","@id":"https:\/\/zima.pm-projects.pl\/#website","url":"https:\/\/zima.pm-projects.pl\/","name":"Zima agency","description":"UX, UI, Strategy and Research for your business. Our mission is to deliver the best human experience. We grow if you grow. On our site, you can ask any design question to one of our experts. Click the Ask an Expert button, we will answer all your questions.","publisher":{"@id":"https:\/\/zima.pm-projects.pl\/#organization"},"potentialAction":[{"@type":"SearchAction","target":{"@type":"EntryPoint","urlTemplate":"https:\/\/zima.pm-projects.pl\/?s={search_term_string}"},"query-input":"required name=search_term_string"}],"inLanguage":"en-US"},{"@type":"Organization","@id":"https:\/\/zima.pm-projects.pl\/#organization","name":"Zima agency","url":"https:\/\/zima.pm-projects.pl\/","logo":{"@type":"ImageObject","inLanguage":"en-US","@id":"https:\/\/zima.pm-projects.pl\/#\/schema\/logo\/image\/","url":"https:\/\/designzima.com\/wp-content\/uploads\/2023\/03\/cropped-android-chrome-512x512-1.png","contentUrl":"https:\/\/designzima.com\/wp-content\/uploads\/2023\/03\/cropped-android-chrome-512x512-1.png","width":512,"height":512,"caption":"Zima agency"},"image":{"@id":"https:\/\/zima.pm-projects.pl\/#\/schema\/logo\/image\/"},"sameAs":["https:\/\/www.facebook.com\/desginzima\/","https:\/\/www.instagram.com\/zima_uxuidesign\/","https:\/\/www.linkedin.com\/company\/designzima\/","https:\/\/www.behance.net\/zimadesign","https:\/\/dribbble.com\/ZimaDesign"]}]}},"_links":{"self":[{"href":"https:\/\/zima.pm-projects.pl\/en\/wp-json\/wp\/v2\/pages\/2486","targetHints":{"allow":["GET"]}}],"collection":[{"href":"https:\/\/zima.pm-projects.pl\/en\/wp-json\/wp\/v2\/pages"}],"about":[{"href":"https:\/\/zima.pm-projects.pl\/en\/wp-json\/wp\/v2\/types\/page"}],"author":[{"embeddable":true,"href":"https:\/\/zima.pm-projects.pl\/en\/wp-json\/wp\/v2\/users\/1"}],"replies":[{"embeddable":true,"href":"https:\/\/zima.pm-projects.pl\/en\/wp-json\/wp\/v2\/comments?post=2486"}],"version-history":[{"count":12,"href":"https:\/\/zima.pm-projects.pl\/en\/wp-json\/wp\/v2\/pages\/2486\/revisions"}],"predecessor-version":[{"id":3623,"href":"https:\/\/zima.pm-projects.pl\/en\/wp-json\/wp\/v2\/pages\/2486\/revisions\/3623"}],"wp:attachment":[{"href":"https:\/\/zima.pm-projects.pl\/en\/wp-json\/wp\/v2\/media?parent=2486"}],"curies":[{"name":"wp","href":"https:\/\/api.w.org\/{rel}","templated":true}]}}